{"id":39,"date":"2023-09-17T13:29:47","date_gmt":"2023-09-17T13:29:47","guid":{"rendered":"https:\/\/beta.fightfarm.fi\/?page_id=39"},"modified":"2025-10-03T13:48:56","modified_gmt":"2025-10-03T13:48:56","slug":"etusivu","status":"publish","type":"page","link":"https:\/\/fightfarm.fi\/","title":{"rendered":"Etusivu"},"content":{"rendered":"\n<div style=\"height:0px\" aria-hidden=\"true\" id=\"page-top\" class=\"wp-block-spacer\"><\/div>\n\n\n\n<figure class=\"wp-block-image aligncenter size-full\"><img loading=\"lazy\" decoding=\"async\" width=\"701\" height=\"213\" src=\"https:\/\/fightfarm.fi\/wp-content\/uploads\/2023\/09\/fightfarm-logo.png\" alt=\"\" class=\"wp-image-19\" srcset=\"https:\/\/fightfarm.fi\/wp-content\/uploads\/2023\/09\/fightfarm-logo.png 701w, https:\/\/fightfarm.fi\/wp-content\/uploads\/2023\/09\/fightfarm-logo-300x91.png 300w\" sizes=\"auto, (max-width: 701px) 100vw, 701px\" \/><\/figure>\n\n\n\n<p class=\"has-text-align-center\" style=\"font-size:clamp(14.642px, 0.915rem + ((1vw - 7.8px) * 1.887), 22px);\">Nyrkkeily &#8211; Kuntonyrkkeily &#8211; Nuorten nyrkkeily &#8211; Lukkopaini<\/p>\n\n\n\n<div style=\"height:31px\" aria-hidden=\"true\" class=\"wp-block-spacer\"><\/div>\n\n\n\n<h3 class=\"wp-block-heading has-text-align-center has-red-color has-text-color has-link-color has-montserrat-font-family has-large-font-size wp-elements-298027a99407bfef9ce5b09e54ba76ba\" style=\"text-transform:none\">KUNTONYRKKEILEM\u00c4\u00c4N FIGHTFARMILLE<\/h3>\n\n\n\n<p class=\"has-text-align-center\">Kuntonyrkkeilyn Fightfarmilla aloitat peruskurssillamme. Peruskurssi antaa sinulle valmiuden treenata kuntonyrkkeily\u00e4 jatkoryhm\u00e4ss\u00e4mme t\u00e4ysipainoisesti. Jos sinulla on aiempaa kokemusta kuntonyrkkeilyst\u00e4, voit aloittaa ilman peruskurssia suoraan jatkoryhm\u00e4ss\u00e4.<\/p>\n\n\n\n<p class=\"has-text-align-center\">Fightfarmin kuntonyrkkeily on tehokasta ja monipuolista treeni\u00e4. Opit suorittamaan nyrkkeilyn kaikki eri tekniikat osaavan ja mukavan valmentajan opastuksella, samalla kuntosi nousee kovalla vauhdilla.<\/p>\n\n\n\n<p class=\"has-text-align-center\">Kuntonyrkkeilyymme ei kuulu ly\u00f6ntikontakti, eli otteluharjoittelu (sparraus) treenikaverin kanssa. Ly\u00f6nnit suoritetaan v\u00e4lineisiin, p\u00e4\u00e4s\u00e4\u00e4nt\u00f6isesti parin kanssa ly\u00f6ntipistehanskoihin. Osana jokaista treeni\u00e4 my\u00f6s erillinen toiminnallinen harjoitus lihaskuntosi kehitt\u00e4miseksi. <\/p>\n\n\n\n<p class=\"has-large-font-size\">T\u00c4LL\u00c4 HETKELL\u00c4 KUNTONYRKKEILYN VOI ALOITTAA ILMAN PERUSKURSSIA! <\/p>\n\n\n\n<p><\/p>\n\n\n\n<p class=\"has-text-align-center has-red-color has-text-color has-link-color has-montserrat-font-family has-large-font-size wp-elements-2998643b1945d9f4df2fc2e656162a24\">                         <strong>NYRKKEILY FIGHTFARMILLA<\/strong><\/p>\n\n\n\n<p>Nyrkkeilyn aloitat peruskurssillamme. Peruskurssin p\u00e4\u00e4tytty\u00e4 siirryt nyrkkeilyn jatkoryhm\u00e4\u00e4n. Nyrkkeily\u00e4 nuorille \/ Junnunyrkkeily omalla peruskurssilla, katso alempaa tarkemmat tiedot kohdasta &#8221;nuorten nyrkkeily&#8221;.<\/p>\n\n\n\n<p><\/p>\n\n\n\n<h3 class=\"wp-block-heading has-text-align-center has-large-font-size\">KUNTONYRKKEILY\u00adRYHM\u00c4T<\/h3>\n\n\n\n<p class=\"has-text-align-center has-large-font-size\"><mark style=\"background-color:rgba(0, 0, 0, 0);color:#ff0000\" class=\"has-inline-color\">Kuntonyrkkeily, sekaryhm\u00e4 miehille ja naisille<\/mark><br>Treenit kaksi kertaa viikossa,<br>maanantaisin ja torstaisin klo 18.30.<br>Hinta 40 \u20ac \/ kalenterikuukausi.<\/p>\n\n\n\n<p class=\"has-text-align-center has-large-font-size\"><mark style=\"background-color:rgba(0, 0, 0, 0)\" class=\"has-inline-color has-red-color\">Kuntonyrkkeily, naisten ryhm\u00e4<\/mark><br>Treenit kaksi* kertaa viikossa,<br>keskiviikkoisin klo 17.15 ja maanantaisin klo 17.00<\/p>\n\n\n\n<p class=\"has-text-align-center has-large-font-size\">Hinta 40 \u20ac \/ kalenterikuukausi.<\/p>\n\n\n\n<p>*Naisille kuuluu samaan 40 \u20ac hintaan my\u00f6s sekaryhm\u00e4n treenit, yhteens\u00e4 nelj\u00e4 treeni\u00e4 viikossa.   <\/p>\n\n\n\n<p class=\"has-text-align-center has-red-color has-text-color has-link-color has-x-large-font-size wp-elements-2dba595251f0873fde736b10d278a1ac\"><strong><mark style=\"background-color:rgba(0, 0, 0, 0)\" class=\"has-inline-color has-red-color\">J\u00c4SENYYS<\/mark><\/strong><\/p>\n\n\n\n<p>Sis\u00e4lt\u00e4\u00e4 kaikki Fightfarmin tarjoamat treenit, sek\u00e4 kulkuoikeuden jolla mahdollista salin itsen\u00e4inen k\u00e4ytt\u00f6. T\u00e4t\u00e4 varten saat elektronisen avaimen (avain 40 \u20ac kertamaksu).  <\/p>\n\n\n\n<p class=\"has-text-align-center\"><mark style=\"background-color:rgba(0, 0, 0, 0)\" class=\"has-inline-color has-cyan-color\">Ilmoittautuminen kuntonyrkkeilyyn s\u00e4hk\u00f6postilla fightfarm.nekala@gmail.com Lis\u00e4tietoa  s\u00e4hk\u00f6postilla tai puhelimitse 046 5743673 (ei tekstiviestej\u00e4).<\/mark><\/p>\n\n\n\n<hr class=\"wp-block-separator has-text-color has-contrast-color has-alpha-channel-opacity has-contrast-background-color has-background is-style-wide\" style=\"margin-top:var(--wp--preset--spacing--80);margin-bottom:var(--wp--preset--spacing--80)\"\/>\n\n\n\n<h3 class=\"wp-block-heading has-text-align-center has-red-color has-text-color has-link-color has-x-large-font-size wp-elements-058b044f38a5522938c47a02f5851a36\">NUORTEN NYRKKEILY<\/h3>\n\n\n\n<p class=\"has-text-align-center\">Fightfarmin 9-16 vuotiaille suunnattu nuorten nyrkkeilymme on monipuolinen kamppailuharrastus jossa treenataan nyrkkeilyn tekniikoita. Mukaan voi tulla pelk\u00e4st\u00e4\u00e4n kuntoilumieless\u00e4kin, ly\u00f6ntikontakti harjoituskaveriin ei kuulu nuorten nyrkkeilyyn. Treenit toteutetaan v\u00e4lineit\u00e4, nyrkkeilys\u00e4kki\u00e4 ja pistehanskoja k\u00e4ytt\u00e4en. Nuorten nyrkkeilyss\u00e4 treenit ovat motivoivia, toimintaa t\u00e4ynn\u00e4, ja antavat hyv\u00e4n l\u00e4ht\u00f6kohdan nyrkkeilyharrastukseen sek\u00e4 liikunnalliseen el\u00e4m\u00e4ntapaan.<\/p>\n\n\n\n<p class=\"has-text-align-center has-large-font-size\">TREENIT<br>torstai klo 17.15\u201318.15 <br>lauantai klo 12.00\u201313.15 <br>Hinta 40 \u20ac\/kalenterikuukausi. <\/p>\n\n\n\n<p class=\"has-text-align-center has-large-font-size\"><mark style=\"background-color:rgba(0, 0, 0, 0)\" class=\"has-inline-color has-red-color\">NUORTEN NYRKKEILYRYHM\u00c4\u00c4N MUKAAN P\u00c4\u00c4SEE NYT MILLOIN TAHANSA, ILMAN PERUSKURSSIA!  HARJOITTELUMAKSU AINOASTAAN 40 \u20ac \/ KALENTERIKUUKAUSI. <\/mark><\/p>\n\n\n\n<p><\/p>\n\n\n\n<p class=\"has-text-align-center\"><mark style=\"background-color:rgba(0, 0, 0, 0)\" class=\"has-inline-color has-cyan-color\">Ilmoittautumiset s\u00e4hk\u00f6postilla fightfarm.nekala@gmail.com   Lis\u00e4tietoa s\u00e4hk\u00f6postilla tai puhelimitse 046 5743673 (ei tekstiviestej\u00e4).<\/mark><\/p>\n\n\n\n<hr class=\"wp-block-separator has-text-color has-contrast-color has-alpha-channel-opacity has-contrast-background-color has-background is-style-wide\" style=\"margin-top:var(--wp--preset--spacing--80);margin-bottom:var(--wp--preset--spacing--80)\"\/>\n\n\n\n<h2 class=\"wp-block-heading has-text-align-center has-red-color has-text-color has-link-color wp-elements-9c7b9631aa639c85f22d0255add90e7c\" id=\"about\">FIGHTFARM &#8211; TAMPERE<\/h2>\n\n\n\n<p class=\"has-text-align-center\">Huippuvalmentajien vet\u00e4m\u00e4 kamppailukellari. Olet tervetullut, oli sitten tavoitteesi tulla mestariksi kamppailu-urheilussa tai haastaa itsesi hyv\u00e4\u00e4n fyysiseen ja henkiseen kuntoon. Meilt\u00e4 saat kattavan ja ammattitaitoisen kamppailuvalmennuksen, reipasta seuraa ja unohtumattomia el\u00e4myksi\u00e4 henkisen ja fyysisen kasvun parissa. Lajeina lukkopaini, nyrkkeily, kuntonyrkkeily ja nuorten nyrkkeily. Sali on k\u00e4yt\u00f6ss\u00e4si 24\/7. Treenaa silloin kun haluat.<\/p>\n\n\n\n<hr class=\"wp-block-separator has-alpha-channel-opacity\"\/>\n\n\n\n<h1 class=\"wp-block-heading has-text-align-center has-x-large-font-size\" id=\"basecourses\"><br><mark style=\"background-color:rgba(0, 0, 0, 0);color:#337ab7\" class=\"has-inline-color\">PERUSKURSSIT <\/mark><mark style=\"background-color:rgba(0, 0, 0, 0)\" class=\"has-inline-color has-blue-color\">2026<\/mark><\/h1>\n\n\n\n<div style=\"height:23px\" aria-hidden=\"true\" class=\"wp-block-spacer\"><\/div>\n\n\n\n<h2 class=\"wp-block-heading has-text-align-center\">NYRKKEILYN JA KUNTONYRKKEILYN PERUSKURSSI<\/h2>\n\n\n\n<p class=\"has-text-align-center\">Hinta 120 \u20ac<br>Peruskurssi alkaa EI VIEL\u00c4 TIEDOSSA. Treenit kaksi kertaa viikossa, ma klo 19.45\u201321.00 ja ke klo 20.00\u201321.15. Kurssi kest\u00e4\u00e4 EI VIEL\u00c4 TIEDOSSA saakka, jonka j\u00e4lkeen mahdollisuus jatkaa kuntonyrkkeilyryhm\u00e4ss\u00e4 tai nyrkkeilyss\u00e4. <br><mark style=\"background-color:rgba(0, 0, 0, 0)\" class=\"has-inline-color has-cyan-color\">ILMOITTAUTUMISET PERUSKURSSILLE S\u00c4HK\u00d6POSTILLA fightfarm.nekala@gmail.com Lis\u00e4tietoa s\u00e4hk\u00f6postilla tai puhelimitse    046 5743673 (ei tekstiviestej\u00e4).<\/mark><\/p>\n\n\n\n<p class=\"has-text-align-center\"><mark style=\"background-color:rgba(0, 0, 0, 0)\" class=\"has-inline-color has-red-color\">MIT\u00c4 TARVITSET HARRASTUKSEN ALOITTAMISEEN?<\/mark><\/p>\n\n\n\n<p class=\"has-text-align-center\">Shortsit, T-paidan ja s\u00e4kkihanskat tai nyrkkeilyhanskat. (Nyrkkeilyyn matalapohjaiset tossut, ei pakollinen, voi olla my\u00f6s paljain jaloin)<\/p>\n\n\n\n<p class=\"has-text-align-center\"><\/p>\n\n\n\n<div class=\"wp-block-cover\" id=\"download\"><img loading=\"lazy\" decoding=\"async\" width=\"1850\" height=\"400\" class=\"wp-block-cover__image-background wp-image-15\" alt=\"\" src=\"https:\/\/fightfarm.fi\/wp-content\/uploads\/2023\/09\/downloads-bg.jpg\" data-object-fit=\"cover\" srcset=\"https:\/\/fightfarm.fi\/wp-content\/uploads\/2023\/09\/downloads-bg.jpg 1850w, https:\/\/fightfarm.fi\/wp-content\/uploads\/2023\/09\/downloads-bg-300x65.jpg 300w, https:\/\/fightfarm.fi\/wp-content\/uploads\/2023\/09\/downloads-bg-1024x221.jpg 1024w, https:\/\/fightfarm.fi\/wp-content\/uploads\/2023\/09\/downloads-bg-768x166.jpg 768w, https:\/\/fightfarm.fi\/wp-content\/uploads\/2023\/09\/downloads-bg-1536x332.jpg 1536w\" sizes=\"auto, (max-width: 1850px) 100vw, 1850px\" \/><span aria-hidden=\"true\" class=\"wp-block-cover__background has-background-dim\"><\/span><div class=\"wp-block-cover__inner-container has-global-padding is-layout-constrained wp-block-cover-is-layout-constrained\">\n<h2 class=\"wp-block-heading has-text-align-center has-xx-large-font-size\">VIIKKOAIKATAULU (1.8.2024 -&gt;)<\/h2>\n\n\n\n<div class=\"wp-block-group has-global-padding is-content-justification-center is-layout-constrained wp-block-group-is-layout-constrained\">\n<div class=\"wp-block-buttons is-content-justification-center is-layout-flex wp-container-core-buttons-is-layout-a89b3969 wp-block-buttons-is-layout-flex\">\n<div class=\"wp-block-button is-style-fill\"><a class=\"wp-block-button__link wp-element-button\" href=\"https:\/\/fightfarm.fi\/wp-content\/uploads\/2024\/08\/Fightfarm-aikataulu-2024_V8.pdf\" style=\"border-radius:6px\" target=\"_blank\" rel=\"noreferrer noopener\">LATAA T\u00c4ST\u00c4<\/a><\/div>\n<\/div>\n<\/div>\n<\/div><\/div>\n\n\n\n<h2 class=\"wp-block-heading has-text-align-center has-x-large-font-size\" id=\"contact\">OTA YHTEYTT\u00c4<\/h2>\n\n\n\n<p class=\"has-text-align-center\"><mark style=\"background-color:rgba(0, 0, 0, 0)\" class=\"has-inline-color has-blue-color\">Fightfarm<\/mark>\u00a0046 5743673<br>M\u00e4ntyhaantie 1 (Kellarikerros)<br>Nekala<br>Tampere<\/p>\n\n\n\n<p class=\"has-text-align-center\"><a href=\"mailto:fightfarm.nekala@gmail.com\"><mark style=\"background-color:rgba(0, 0, 0, 0)\" class=\"has-inline-color has-cyandim-color\">fightfarm.nekala@gmail.com<\/mark><\/a><\/p>\n\n\n\n<div class=\"wp-block-buttons is-content-justification-center is-layout-flex wp-container-core-buttons-is-layout-a89b3969 wp-block-buttons-is-layout-flex\">\n<div class=\"wp-block-button\"><a class=\"wp-block-button__link wp-element-button\" href=\"https:\/\/www.facebook.com\/groups\/197009487087542\/\" target=\"_blank\" rel=\"noreferrer noopener\">FACEBOOK<\/a><\/div>\n<\/div>\n\n\n\n<div style=\"height:0px\" aria-hidden=\"true\" class=\"wp-block-spacer\"><\/div>\n\n\n\n<figure class=\"wp-block-image aligncenter size-full\"><img loading=\"lazy\" decoding=\"async\" width=\"700\" height=\"300\" src=\"https:\/\/fightfarm.fi\/wp-content\/uploads\/2023\/09\/fightfarm-map.gif\" alt=\"\" class=\"wp-image-20\"\/><\/figure>\n\n\n\n<p class=\"has-text-align-center has-xx-large-font-size\"><strong>FIGHTFARM-SALI VUOKRATTAVISSA YKSITYISK\u00c4YTT\u00d6\u00d6N. OTA YHTEYTT\u00c4 <mark style=\"background-color:rgba(0, 0, 0, 0)\" class=\"has-inline-color has-blue-color\">FIGHTFARM<\/mark> <a href=\"tel:+358414764266\"><mark style=\"background-color:rgba(0, 0, 0, 0)\" class=\"has-inline-color has-cyandim-color\">046 5743673<\/mark><\/a><\/strong><\/p>\n\n\n\n<h2 class=\"wp-block-heading has-text-align-center has-x-large-font-size\">VALMENTAJAT<\/h2>\n\n\n\n<section class=\"wp-block-group alignwide coaches-section has-global-padding is-layout-constrained wp-block-group-is-layout-constrained\">\n<div class=\"wp-block-group alignwide is-content-justification-center is-layout-flex wp-container-core-group-is-layout-b02886af wp-block-group-is-layout-flex\">\n<div class=\"wp-block-ff-dark-blocks-coach ff-coach-card\">\n<div class=\"wp-block-group is-vertical is-content-justification-center is-layout-flex wp-container-core-group-is-layout-f08f3a25 wp-block-group-is-layout-flex\">\n<figure class=\"wp-block-image size-full\"><img loading=\"lazy\" decoding=\"async\" width=\"800\" height=\"800\" src=\"https:\/\/fightfarm.fi\/wp-content\/uploads\/2023\/09\/kysse.jpeg\" alt=\"\" class=\"wp-image-22\" srcset=\"https:\/\/fightfarm.fi\/wp-content\/uploads\/2023\/09\/kysse.jpeg 800w, https:\/\/fightfarm.fi\/wp-content\/uploads\/2023\/09\/kysse-300x300.jpeg 300w, https:\/\/fightfarm.fi\/wp-content\/uploads\/2023\/09\/kysse-150x150.jpeg 150w, https:\/\/fightfarm.fi\/wp-content\/uploads\/2023\/09\/kysse-768x768.jpeg 768w\" sizes=\"auto, (max-width: 800px) 100vw, 800px\" \/><\/figure>\n\n\n\n<h4 class=\"wp-block-heading has-montserrat-font-family has-medium-font-size\" style=\"text-transform:uppercase\">Henri Kyden<\/h4>\n\n\n\n<p class=\"has-text-align-center has-lora-font-family has-small-font-size\" style=\"text-transform:uppercase\">Valmentaja, nyrkkeily ja kuntonyrkkeily<br><br>Toiminut nyrkkeilyvalmentajana vuodesta 2012.<br>Nyrkkeily lajina vuodesta 2011. Lis\u00e4ksi kokemusta vapaaottelusta ja juniorina nyrkkeillyt<br>kaksi vuotta 2000-luvun alussa.<br>&#8221;Kysse&#8221; on koulutukseltaan liikuntaneuvoja,<br>personal trainer ja urheiluhieroja.<\/p>\n<\/div>\n<\/div>\n\n\n\n<div class=\"wp-block-ff-dark-blocks-coach ff-coach-card\">\n<div class=\"wp-block-group is-vertical is-content-justification-center is-layout-flex wp-container-core-group-is-layout-3b74ea21 wp-block-group-is-layout-flex\">\n<figure class=\"wp-block-image size-full\"><img loading=\"lazy\" decoding=\"async\" width=\"200\" height=\"200\" src=\"https:\/\/fightfarm.fi\/wp-content\/uploads\/2023\/09\/stone.jpg\" alt=\"\" class=\"wp-image-26\" srcset=\"https:\/\/fightfarm.fi\/wp-content\/uploads\/2023\/09\/stone.jpg 200w, https:\/\/fightfarm.fi\/wp-content\/uploads\/2023\/09\/stone-150x150.jpg 150w\" sizes=\"auto, (max-width: 200px) 100vw, 200px\" \/><\/figure>\n\n\n\n<h4 class=\"wp-block-heading has-montserrat-font-family has-medium-font-size\" style=\"text-transform:uppercase\">Jani Hellgren<\/h4>\n\n\n\n<p class=\"has-text-align-center has-lora-font-family has-small-font-size\" style=\"text-transform:uppercase\">valmentaja, vapaaottelu ja lukkopaini<br><br>Toiminut vuodesta 2013 vapaaottelu- ja lukkopainivalmentajana.<br>Vapaaottelu ja lukkopaini lajeina vuodesta 2011.<br>Lukkopainissa ADCC amat\u00f6\u00f6rien SM 2013 1. sija<br>Vapaaottelussa 2 amat\u00d6\u00d6riottelua.<\/p>\n<\/div>\n<\/div>\n<\/div>\n\n\n\n<div class=\"wp-block-group alignwide is-content-justification-center is-layout-flex wp-container-core-group-is-layout-b02886af wp-block-group-is-layout-flex\">\n<div class=\"wp-block-ff-dark-blocks-coach ff-coach-card\">\n<div class=\"wp-block-group is-vertical is-content-justification-center is-layout-flex wp-container-core-group-is-layout-3b74ea21 wp-block-group-is-layout-flex\">\n<figure class=\"wp-block-image size-full\"><img loading=\"lazy\" decoding=\"async\" width=\"200\" height=\"200\" src=\"https:\/\/fightfarm.fi\/wp-content\/uploads\/2023\/09\/sale.jpg\" alt=\"\" class=\"wp-image-24\" srcset=\"https:\/\/fightfarm.fi\/wp-content\/uploads\/2023\/09\/sale.jpg 200w, https:\/\/fightfarm.fi\/wp-content\/uploads\/2023\/09\/sale-150x150.jpg 150w\" sizes=\"auto, (max-width: 200px) 100vw, 200px\" \/><\/figure>\n\n\n\n<h4 class=\"wp-block-heading has-montserrat-font-family has-medium-font-size\" style=\"text-transform:uppercase\">Sauli Janhunen<\/h4>\n\n\n\n<p class=\"has-text-align-center has-lora-font-family has-small-font-size\" style=\"text-transform:uppercase\">p\u00e4\u00e4valmentaja, Thainyrkkeily<br><br>Toiminut vuodesta 1995 Thainyrkkeily valmentajana.<br>Thainyrkkeily lajina vuodesta 1992.<br>Otellut noin 50 Thainyrkkeily-ottelua. Thainyrkkeilyss\u00e4 MM pronssi vuonna 2001.<br>Thainyrkkeilyss\u00e4 Kings Cup pronssi vuonna 1999.<\/p>\n<\/div>\n<\/div>\n\n\n\n<div class=\"wp-block-ff-dark-blocks-coach ff-coach-card\">\n<div class=\"wp-block-group is-vertical is-content-justification-center is-layout-flex wp-container-core-group-is-layout-3b74ea21 wp-block-group-is-layout-flex\">\n<figure class=\"wp-block-image size-full\"><img loading=\"lazy\" decoding=\"async\" width=\"400\" height=\"400\" src=\"https:\/\/fightfarm.fi\/wp-content\/uploads\/2023\/09\/valtteri.jpg\" alt=\"\" class=\"wp-image-27\" srcset=\"https:\/\/fightfarm.fi\/wp-content\/uploads\/2023\/09\/valtteri.jpg 400w, https:\/\/fightfarm.fi\/wp-content\/uploads\/2023\/09\/valtteri-300x300.jpg 300w, https:\/\/fightfarm.fi\/wp-content\/uploads\/2023\/09\/valtteri-150x150.jpg 150w\" sizes=\"auto, (max-width: 400px) 100vw, 400px\" \/><\/figure>\n\n\n\n<h4 class=\"wp-block-heading has-montserrat-font-family has-medium-font-size\" style=\"text-transform:uppercase\">Valtteri Pajari<\/h4>\n\n\n\n<p class=\"has-text-align-center has-lora-font-family has-small-font-size\" style=\"text-transform:uppercase\">valmentaja, thainyrkkeily<br><br>Thainyrkkeily valmentaja 2014 alkaen. Aloittanut thainyrkkeilyn 2011, otteluita thainyrkkeilyss\u00e4 kaksi.<\/p>\n<\/div>\n<\/div>\n<\/div>\n\n\n\n<div class=\"wp-block-group alignwide is-content-justification-center is-layout-flex wp-container-core-group-is-layout-b02886af wp-block-group-is-layout-flex\">\n<div class=\"wp-block-ff-dark-blocks-coach ff-coach-card\">\n<div class=\"wp-block-group is-vertical is-content-justification-center is-layout-flex wp-container-core-group-is-layout-3b74ea21 wp-block-group-is-layout-flex\">\n<figure class=\"wp-block-image size-full\"><img loading=\"lazy\" decoding=\"async\" width=\"800\" height=\"800\" src=\"https:\/\/fightfarm.fi\/wp-content\/uploads\/2023\/09\/heidi.jpg\" alt=\"\" class=\"wp-image-21\" srcset=\"https:\/\/fightfarm.fi\/wp-content\/uploads\/2023\/09\/heidi.jpg 800w, https:\/\/fightfarm.fi\/wp-content\/uploads\/2023\/09\/heidi-300x300.jpg 300w, https:\/\/fightfarm.fi\/wp-content\/uploads\/2023\/09\/heidi-150x150.jpg 150w, https:\/\/fightfarm.fi\/wp-content\/uploads\/2023\/09\/heidi-768x768.jpg 768w\" sizes=\"auto, (max-width: 800px) 100vw, 800px\" \/><\/figure>\n\n\n\n<h4 class=\"wp-block-heading has-montserrat-font-family has-medium-font-size\" style=\"text-transform:uppercase\">Heidi Ohlson<\/h4>\n\n\n\n<p class=\"has-text-align-center has-lora-font-family has-small-font-size\" style=\"text-transform:uppercase\">Valmentaja, Nuorten nyrkkeily ja kuntonyrkkeily<br><br>Ollut mukana kuntonyrkkeilyss\u00e4 kev\u00e4\u00e4st\u00e4 2017 ja kevyesti testaillut sparrailuakin. VET\u00c4\u00c4 KUNTONYRKKEILY\u00c4 JA nuorten NYRKKEILY\u00c4.<\/p>\n<\/div>\n<\/div>\n<\/div>\n<\/section>\n\n\n\n<div class=\"wp-block-group is-content-justification-center is-layout-flex wp-container-core-group-is-layout-b4821479 wp-block-group-is-layout-flex\">\n<div class=\"wp-block-group is-vertical is-content-justification-center is-layout-flex wp-container-core-group-is-layout-ce155fab wp-block-group-is-layout-flex\" style=\"min-height:0px\">\n<h3 class=\"wp-block-heading has-text-align-center has-large-font-size\">MEILL\u00c4 K\u00c4Y MY\u00d6S<\/h3>\n\n\n\n<figure class=\"wp-block-image size-large is-resized has-custom-border\"><img loading=\"lazy\" decoding=\"async\" width=\"1024\" height=\"341\" src=\"https:\/\/fightfarm.fi\/wp-content\/uploads\/2023\/09\/smartum_logo-1024x341.jpg\" alt=\"\" class=\"wp-image-25\" style=\"border-radius:25px;object-fit:cover;width:288px;height:86px\" srcset=\"https:\/\/fightfarm.fi\/wp-content\/uploads\/2023\/09\/smartum_logo-1024x341.jpg 1024w, https:\/\/fightfarm.fi\/wp-content\/uploads\/2023\/09\/smartum_logo-300x100.jpg 300w, https:\/\/fightfarm.fi\/wp-content\/uploads\/2023\/09\/smartum_logo-768x256.jpg 768w, https:\/\/fightfarm.fi\/wp-content\/uploads\/2023\/09\/smartum_logo.jpg 1152w\" sizes=\"auto, (max-width: 1024px) 100vw, 1024px\" \/><\/figure>\n\n\n\n<figure class=\"wp-block-image size-large is-resized has-custom-border\"><img loading=\"lazy\" decoding=\"async\" width=\"1024\" height=\"341\" src=\"https:\/\/fightfarm.fi\/wp-content\/uploads\/2023\/09\/epassi_logo-1024x341.jpg\" alt=\"\" class=\"wp-image-17\" style=\"border-radius:25px;object-fit:cover;width:288px;height:85px\" srcset=\"https:\/\/fightfarm.fi\/wp-content\/uploads\/2023\/09\/epassi_logo-1024x341.jpg 1024w, https:\/\/fightfarm.fi\/wp-content\/uploads\/2023\/09\/epassi_logo-300x100.jpg 300w, https:\/\/fightfarm.fi\/wp-content\/uploads\/2023\/09\/epassi_logo-768x256.jpg 768w, https:\/\/fightfarm.fi\/wp-content\/uploads\/2023\/09\/epassi_logo.jpg 1152w\" sizes=\"auto, (max-width: 1024px) 100vw, 1024px\" \/><\/figure>\n\n\n\n<div class=\"wp-block-group has-contrast-background-color has-background wp-container-content-0e548e02 is-vertical is-content-justification-center is-layout-flex wp-container-core-group-is-layout-df3038a6 wp-block-group-is-layout-flex\" style=\"border-radius:25px;min-height:85px\">\n<figure class=\"wp-block-image size-full is-resized is-style-default\"><img loading=\"lazy\" decoding=\"async\" width=\"768\" height=\"511\" src=\"https:\/\/fightfarm.fi\/wp-content\/uploads\/2023\/09\/Eazybreak_ePassi-Group_logo-768x511-1.png\" alt=\"\" class=\"wp-image-16\" style=\"object-fit:contain;width:288px;height:110px\" srcset=\"https:\/\/fightfarm.fi\/wp-content\/uploads\/2023\/09\/Eazybreak_ePassi-Group_logo-768x511-1.png 768w, https:\/\/fightfarm.fi\/wp-content\/uploads\/2023\/09\/Eazybreak_ePassi-Group_logo-768x511-1-300x200.png 300w\" sizes=\"auto, (max-width: 768px) 100vw, 768px\" \/><\/figure>\n<\/div>\n<\/div>\n\n\n\n<div class=\"wp-block-group is-vertical is-content-justification-center is-layout-flex wp-container-core-group-is-layout-0154d0b4 wp-block-group-is-layout-flex\">\n<h3 class=\"wp-block-heading has-text-align-center has-large-font-size\">YHTEISTY\u00d6SS\u00c4<\/h3>\n\n\n\n<figure class=\"wp-block-image size-full is-resized\"><img loading=\"lazy\" decoding=\"async\" width=\"127\" height=\"112\" src=\"https:\/\/fightfarm.fi\/wp-content\/uploads\/2023\/09\/bullfarm.gif\" alt=\"\" class=\"wp-image-14\" style=\"width:218px;height:undefinedpx\"\/><\/figure>\n<\/div>\n<\/div>\n\n\n\n<div class=\"wp-block-group has-global-padding is-layout-constrained wp-block-group-is-layout-constrained\">\n<p class=\"has-text-align-center\">Copyright \u00a9 Fightfarm 2024<\/p>\n<\/div>\n\n\n\n<pre class=\"wp-block-verse\"><\/pre>\n","protected":false},"excerpt":{"rendered":"<p>Nyrkkeily &#8211; Kuntonyrkkeily &#8211; Nuorten nyrkkeily &#8211; Lukkopaini KUNTONYRKKEILEM\u00c4\u00c4N FIGHTFARMILLE Kuntonyrkkeilyn Fightfarmilla aloitat peruskurssillamme. Peruskurssi antaa sinulle valmiuden treenata kuntonyrkkeily\u00e4 jatkoryhm\u00e4ss\u00e4mme t\u00e4ysipainoisesti. Jos sinulla on aiempaa kokemusta kuntonyrkkeilyst\u00e4, voit aloittaa ilman peruskurssia suoraan jatkoryhm\u00e4ss\u00e4. Fightfarmin kuntonyrkkeily on tehokasta ja monipuolista treeni\u00e4. Opit suorittamaan nyrkkeilyn kaikki eri tekniikat osaavan ja mukavan valmentajan opastuksella, samalla kuntosi nousee [&hellip;]<\/p>\n","protected":false},"author":1,"featured_media":0,"parent":0,"menu_order":0,"comment_status":"closed","ping_status":"closed","template":"","meta":{"footnotes":""},"class_list":["post-39","page","type-page","status-publish","hentry"],"_links":{"self":[{"href":"https:\/\/fightfarm.fi\/index.php?rest_route=\/wp\/v2\/pages\/39","targetHints":{"allow":["GET"]}}],"collection":[{"href":"https:\/\/fightfarm.fi\/index.php?rest_route=\/wp\/v2\/pages"}],"about":[{"href":"https:\/\/fightfarm.fi\/index.php?rest_route=\/wp\/v2\/types\/page"}],"author":[{"embeddable":true,"href":"https:\/\/fightfarm.fi\/index.php?rest_route=\/wp\/v2\/users\/1"}],"replies":[{"embeddable":true,"href":"https:\/\/fightfarm.fi\/index.php?rest_route=%2Fwp%2Fv2%2Fcomments&post=39"}],"version-history":[{"count":104,"href":"https:\/\/fightfarm.fi\/index.php?rest_route=\/wp\/v2\/pages\/39\/revisions"}],"predecessor-version":[{"id":210,"href":"https:\/\/fightfarm.fi\/index.php?rest_route=\/wp\/v2\/pages\/39\/revisions\/210"}],"wp:attachment":[{"href":"https:\/\/fightfarm.fi\/index.php?rest_route=%2Fwp%2Fv2%2Fmedia&parent=39"}],"curies":[{"name":"wp","href":"https:\/\/api.w.org\/{rel}","templated":true}]}}